{"id":1402,"date":"2014-09-16T13:06:43","date_gmt":"2014-09-16T13:06:43","guid":{"rendered":"http:\/\/tomaskalabis.com\/wordpress\/?page_id=1402"},"modified":"2018-08-28T10:02:10","modified_gmt":"2018-08-28T09:02:10","slug":"about-me","status":"publish","type":"page","link":"https:\/\/tomaskalabis.com\/wordpress\/about-me\/","title":{"rendered":"About me"},"content":{"rendered":"<p><a href=\"http:\/\/tomaskalabis.com\/wordpress\/wp-content\/uploads\/2014\/09\/tka01.png\"><img decoding=\"async\" loading=\"lazy\" class=\"alignnone wp-image-2931 size-full\" src=\"http:\/\/tomaskalabis.com\/wordpress\/wp-content\/uploads\/2014\/09\/tka01.png\" alt=\"tka01\" width=\"1072\" height=\"712\" srcset=\"https:\/\/tomaskalabis.com\/wordpress\/wp-content\/uploads\/2014\/09\/tka01.png 1072w, https:\/\/tomaskalabis.com\/wordpress\/wp-content\/uploads\/2014\/09\/tka01-288x191.png 288w, https:\/\/tomaskalabis.com\/wordpress\/wp-content\/uploads\/2014\/09\/tka01-768x510.png 768w, https:\/\/tomaskalabis.com\/wordpress\/wp-content\/uploads\/2014\/09\/tka01-494x328.png 494w\" sizes=\"(max-width: 1072px) 100vw, 1072px\" \/><\/a><\/p>\n<p>i&#8217;m mainly focused on virtualization solutions like VMware vSphere or Microsoft Hyper-V, also Windows Server and their roles and features and their migrations from Windows Server to latest Windows Server solutions, otherwise i have technical knowedge with DELL EMC PowerEdge Servers, DELL EMC SCV storage centres and Fujitsu Primergy servers. In backup and replication solutions i have experiece with Arcserve UDP and Veeam Backup &amp; Replication. My blog is my personal knowledge base, with problems which i faced in my carier as IT Technical Specialist.<\/p>\n<p><a href=\"http:\/\/tomaskalabis.com\/wordpress\/wp-content\/uploads\/2014\/09\/IMG_8367.jpg\"><img decoding=\"async\" loading=\"lazy\" class=\"alignnone wp-image-3630 size-full\" src=\"http:\/\/tomaskalabis.com\/wordpress\/wp-content\/uploads\/2014\/09\/IMG_8367.jpg\" alt=\"\" width=\"1556\" height=\"1037\" srcset=\"https:\/\/tomaskalabis.com\/wordpress\/wp-content\/uploads\/2014\/09\/IMG_8367.jpg 1556w, https:\/\/tomaskalabis.com\/wordpress\/wp-content\/uploads\/2014\/09\/IMG_8367-288x192.jpg 288w, https:\/\/tomaskalabis.com\/wordpress\/wp-content\/uploads\/2014\/09\/IMG_8367-768x512.jpg 768w, https:\/\/tomaskalabis.com\/wordpress\/wp-content\/uploads\/2014\/09\/IMG_8367-494x329.jpg 494w\" sizes=\"(max-width: 1556px) 100vw, 1556px\" \/><\/a><\/p>\n<p><strong>I hold these certifications and exams:<\/strong><\/p>\n<ul>\n<li>MCSA: Windows Server 2016<\/li>\n<li>MCSA: Windows Server 2012<\/li>\n<li>Microsoft Certified Professional (MCPS)<\/li>\n<li>Microsoft Partner Network Sales Specialist for Server Platform<\/li>\n<li>ARCserver UPD Technical Accreditation<\/li>\n<li>CommVault\u00ae Solution Architect Certification &#8211; CVSA<\/li>\n<li>CommVault\u00ae\u00a0 Technical Sales Professional Accreditation (CVTSP)<\/li>\n<li>Dell SonicWall Network Security Administrator<\/li>\n<li>VMware VSP 5.5<\/li>\n<li>VMware VTSP 5.5<\/li>\n<li>VMware SV (Server Virtualization5)<\/li>\n<li><span class=\"hps\">Security and<\/span> <span class=\"hps\">network monitoring<\/span> <span class=\"hps\">using<\/span> <span class=\"hps\">NetFlow technology<\/span><\/li>\n<\/ul>\n<p><a href=\"http:\/\/tomaskalabis.com\/wordpress\/wp-content\/uploads\/2014\/09\/20170916_160949550_iOS.jpg\"><img decoding=\"async\" loading=\"lazy\" class=\"alignnone wp-image-3687 size-large\" src=\"http:\/\/tomaskalabis.com\/wordpress\/wp-content\/uploads\/2014\/09\/20170916_160949550_iOS-494x329.jpg\" alt=\"\" width=\"494\" height=\"329\" srcset=\"https:\/\/tomaskalabis.com\/wordpress\/wp-content\/uploads\/2014\/09\/20170916_160949550_iOS-494x329.jpg 494w, https:\/\/tomaskalabis.com\/wordpress\/wp-content\/uploads\/2014\/09\/20170916_160949550_iOS-288x192.jpg 288w, https:\/\/tomaskalabis.com\/wordpress\/wp-content\/uploads\/2014\/09\/20170916_160949550_iOS-768x512.jpg 768w\" sizes=\"(max-width: 494px) 100vw, 494px\" \/><\/a><\/p>\n<p><strong>check my LinkedIn profile:<\/strong><\/p>\n<p><a href=\"https:\/\/www.linkedin.com\/pub\/tomas-kalabis\/77\/411\/344\" target=\"_blank\" rel=\"noopener noreferrer\"><img decoding=\"async\" loading=\"lazy\" class=\"alignnone size-full wp-image-2368\" src=\"http:\/\/tomaskalabis.com\/wordpress\/wp-content\/uploads\/2015\/07\/linkedin.png\" alt=\"linkedin\" width=\"107\" height=\"107\" \/><\/a><\/p>\n<p><strong>follow me on the twiitter<\/strong><\/p>\n<p><a class=\"twitter-follow-button\" href=\"http:\/\/twitter.com\/tomaskalabis\" data-show-count=\"true\">Follow @tomaskalabis<\/a><\/p>\n","protected":false},"excerpt":{"rendered":"<p>i&#8217;m mainly focused on virtualization solutions like VMware vSphere or Microsoft Hyper-V, also Windows Server and their roles and features and their migrations from Windows Server to latest Windows Server &#8230;<\/p>\n","protected":false},"author":2,"featured_media":0,"parent":0,"menu_order":0,"comment_status":"open","ping_status":"open","template":"","meta":{"_monsterinsights_skip_tracking":false,"_monsterinsights_sitenote_active":false,"_monsterinsights_sitenote_note":"","_monsterinsights_sitenote_category":0,"footnotes":""},"yoast_head":"<!-- This site is optimized with the Yoast SEO plugin v22.5 - https:\/\/yoast.com\/wordpress\/plugins\/seo\/ -->\n<title>About me - Tom\u00e1\u0161 Kalabis<\/title>\n<meta name=\"description\" content=\"Tom\u00e1\u0161 Kalabis - I\u00b4m maily\u00a0focused on Windows Server,\u00a0virtualization on Hyper-V and VMware, backup and replication solutions like\u00a0Veeam.\" \/>\n<meta name=\"robots\" content=\"index, follow, max-snippet:-1, max-image-preview:large, max-video-preview:-1\" \/>\n<link rel=\"canonical\" href=\"https:\/\/tomaskalabis.com\/wordpress\/about-me\/\" \/>\n<meta property=\"og:locale\" content=\"cs_CZ\" \/>\n<meta property=\"og:type\" content=\"article\" \/>\n<meta property=\"og:title\" content=\"About me - Tom\u00e1\u0161 Kalabis\" \/>\n<meta property=\"og:description\" content=\"Tom\u00e1\u0161 Kalabis - I\u00b4m maily\u00a0focused on Windows Server,\u00a0virtualization on Hyper-V and VMware, backup and replication solutions like\u00a0Veeam.\" \/>\n<meta property=\"og:url\" content=\"https:\/\/tomaskalabis.com\/wordpress\/about-me\/\" \/>\n<meta property=\"og:site_name\" content=\"tomaskalabis.com\" \/>\n<meta property=\"article:modified_time\" content=\"2018-08-28T09:02:10+00:00\" \/>\n<meta property=\"og:image\" content=\"http:\/\/tomaskalabis.com\/wordpress\/wp-content\/uploads\/2014\/09\/tka01.png\" \/>\n<meta name=\"twitter:label1\" content=\"Odhadovan\u00e1 doba \u010dten\u00ed\" \/>\n\t<meta name=\"twitter:data1\" content=\"1 minuta\" \/>\n<script type=\"application\/ld+json\" class=\"yoast-schema-graph\">{\"@context\":\"https:\/\/schema.org\",\"@graph\":[{\"@type\":\"WebPage\",\"@id\":\"https:\/\/tomaskalabis.com\/wordpress\/about-me\/\",\"url\":\"https:\/\/tomaskalabis.com\/wordpress\/about-me\/\",\"name\":\"About me - Tom\u00e1\u0161 Kalabis\",\"isPartOf\":{\"@id\":\"https:\/\/tomaskalabis.com\/wordpress\/#website\"},\"primaryImageOfPage\":{\"@id\":\"https:\/\/tomaskalabis.com\/wordpress\/about-me\/#primaryimage\"},\"image\":{\"@id\":\"https:\/\/tomaskalabis.com\/wordpress\/about-me\/#primaryimage\"},\"thumbnailUrl\":\"http:\/\/tomaskalabis.com\/wordpress\/wp-content\/uploads\/2014\/09\/tka01.png\",\"datePublished\":\"2014-09-16T13:06:43+00:00\",\"dateModified\":\"2018-08-28T09:02:10+00:00\",\"description\":\"Tom\u00e1\u0161 Kalabis - I\u00b4m maily\u00a0focused on Windows Server,\u00a0virtualization on Hyper-V and VMware, backup and replication solutions like\u00a0Veeam.\",\"breadcrumb\":{\"@id\":\"https:\/\/tomaskalabis.com\/wordpress\/about-me\/#breadcrumb\"},\"inLanguage\":\"cs\",\"potentialAction\":[{\"@type\":\"ReadAction\",\"target\":[\"https:\/\/tomaskalabis.com\/wordpress\/about-me\/\"]}]},{\"@type\":\"ImageObject\",\"inLanguage\":\"cs\",\"@id\":\"https:\/\/tomaskalabis.com\/wordpress\/about-me\/#primaryimage\",\"url\":\"http:\/\/tomaskalabis.com\/wordpress\/wp-content\/uploads\/2014\/09\/tka01.png\",\"contentUrl\":\"http:\/\/tomaskalabis.com\/wordpress\/wp-content\/uploads\/2014\/09\/tka01.png\"},{\"@type\":\"BreadcrumbList\",\"@id\":\"https:\/\/tomaskalabis.com\/wordpress\/about-me\/#breadcrumb\",\"itemListElement\":[{\"@type\":\"ListItem\",\"position\":1,\"name\":\"Home\",\"item\":\"https:\/\/tomaskalabis.com\/wordpress\/\"},{\"@type\":\"ListItem\",\"position\":2,\"name\":\"About me\"}]},{\"@type\":\"WebSite\",\"@id\":\"https:\/\/tomaskalabis.com\/wordpress\/#website\",\"url\":\"https:\/\/tomaskalabis.com\/wordpress\/\",\"name\":\"tomaskalabis.com\",\"description\":\"my personal blog\",\"potentialAction\":[{\"@type\":\"SearchAction\",\"target\":{\"@type\":\"EntryPoint\",\"urlTemplate\":\"https:\/\/tomaskalabis.com\/wordpress\/?s={search_term_string}\"},\"query-input\":\"required name=search_term_string\"}],\"inLanguage\":\"cs\"}]}<\/script>\n<!-- \/ Yoast SEO plugin. -->","yoast_head_json":{"title":"About me - Tom\u00e1\u0161 Kalabis","description":"Tom\u00e1\u0161 Kalabis - I\u00b4m maily\u00a0focused on Windows Server,\u00a0virtualization on Hyper-V and VMware, backup and replication solutions like\u00a0Veeam.","robots":{"index":"index","follow":"follow","max-snippet":"max-snippet:-1","max-image-preview":"max-image-preview:large","max-video-preview":"max-video-preview:-1"},"canonical":"https:\/\/tomaskalabis.com\/wordpress\/about-me\/","og_locale":"cs_CZ","og_type":"article","og_title":"About me - Tom\u00e1\u0161 Kalabis","og_description":"Tom\u00e1\u0161 Kalabis - I\u00b4m maily\u00a0focused on Windows Server,\u00a0virtualization on Hyper-V and VMware, backup and replication solutions like\u00a0Veeam.","og_url":"https:\/\/tomaskalabis.com\/wordpress\/about-me\/","og_site_name":"tomaskalabis.com","article_modified_time":"2018-08-28T09:02:10+00:00","og_image":[{"url":"http:\/\/tomaskalabis.com\/wordpress\/wp-content\/uploads\/2014\/09\/tka01.png"}],"twitter_misc":{"Odhadovan\u00e1 doba \u010dten\u00ed":"1 minuta"},"schema":{"@context":"https:\/\/schema.org","@graph":[{"@type":"WebPage","@id":"https:\/\/tomaskalabis.com\/wordpress\/about-me\/","url":"https:\/\/tomaskalabis.com\/wordpress\/about-me\/","name":"About me - Tom\u00e1\u0161 Kalabis","isPartOf":{"@id":"https:\/\/tomaskalabis.com\/wordpress\/#website"},"primaryImageOfPage":{"@id":"https:\/\/tomaskalabis.com\/wordpress\/about-me\/#primaryimage"},"image":{"@id":"https:\/\/tomaskalabis.com\/wordpress\/about-me\/#primaryimage"},"thumbnailUrl":"http:\/\/tomaskalabis.com\/wordpress\/wp-content\/uploads\/2014\/09\/tka01.png","datePublished":"2014-09-16T13:06:43+00:00","dateModified":"2018-08-28T09:02:10+00:00","description":"Tom\u00e1\u0161 Kalabis - I\u00b4m maily\u00a0focused on Windows Server,\u00a0virtualization on Hyper-V and VMware, backup and replication solutions like\u00a0Veeam.","breadcrumb":{"@id":"https:\/\/tomaskalabis.com\/wordpress\/about-me\/#breadcrumb"},"inLanguage":"cs","potentialAction":[{"@type":"ReadAction","target":["https:\/\/tomaskalabis.com\/wordpress\/about-me\/"]}]},{"@type":"ImageObject","inLanguage":"cs","@id":"https:\/\/tomaskalabis.com\/wordpress\/about-me\/#primaryimage","url":"http:\/\/tomaskalabis.com\/wordpress\/wp-content\/uploads\/2014\/09\/tka01.png","contentUrl":"http:\/\/tomaskalabis.com\/wordpress\/wp-content\/uploads\/2014\/09\/tka01.png"},{"@type":"BreadcrumbList","@id":"https:\/\/tomaskalabis.com\/wordpress\/about-me\/#breadcrumb","itemListElement":[{"@type":"ListItem","position":1,"name":"Home","item":"https:\/\/tomaskalabis.com\/wordpress\/"},{"@type":"ListItem","position":2,"name":"About me"}]},{"@type":"WebSite","@id":"https:\/\/tomaskalabis.com\/wordpress\/#website","url":"https:\/\/tomaskalabis.com\/wordpress\/","name":"tomaskalabis.com","description":"my personal blog","potentialAction":[{"@type":"SearchAction","target":{"@type":"EntryPoint","urlTemplate":"https:\/\/tomaskalabis.com\/wordpress\/?s={search_term_string}"},"query-input":"required name=search_term_string"}],"inLanguage":"cs"}]}},"_links":{"self":[{"href":"https:\/\/tomaskalabis.com\/wordpress\/wp-json\/wp\/v2\/pages\/1402"}],"collection":[{"href":"https:\/\/tomaskalabis.com\/wordpress\/wp-json\/wp\/v2\/pages"}],"about":[{"href":"https:\/\/tomaskalabis.com\/wordpress\/wp-json\/wp\/v2\/types\/page"}],"author":[{"embeddable":true,"href":"https:\/\/tomaskalabis.com\/wordpress\/wp-json\/wp\/v2\/users\/2"}],"replies":[{"embeddable":true,"href":"https:\/\/tomaskalabis.com\/wordpress\/wp-json\/wp\/v2\/comments?post=1402"}],"version-history":[{"count":22,"href":"https:\/\/tomaskalabis.com\/wordpress\/wp-json\/wp\/v2\/pages\/1402\/revisions"}],"predecessor-version":[{"id":3904,"href":"https:\/\/tomaskalabis.com\/wordpress\/wp-json\/wp\/v2\/pages\/1402\/revisions\/3904"}],"wp:attachment":[{"href":"https:\/\/tomaskalabis.com\/wordpress\/wp-json\/wp\/v2\/media?parent=1402"}],"curies":[{"name":"wp","href":"https:\/\/api.w.org\/{rel}","templated":true}]}}